{"id":9643,"date":"2023-06-20T20:37:39","date_gmt":"2023-06-20T18:37:39","guid":{"rendered":"https:\/\/www.msbouwenschoonmaak.nl\/?page_id=9643"},"modified":"2023-11-01T14:56:29","modified_gmt":"2023-11-01T13:56:29","slug":"iletisim","status":"publish","type":"page","link":"https:\/\/www.msbouwenschoonmaak.nl\/?page_id=9643&lang=tr","title":{"rendered":"\u0130leti\u015fim"},"content":{"rendered":"<section class=\"wpb-content-wrapper\"><p>[vc_row css=&#8221;.vc_custom_1675462978037{background-color: #f7f9fa !important;background-position: center !important;background-repeat: no-repeat !important;background-size: cover !important;}&#8221;][vc_column]\r\n\t<div class=\"bauer-spacer clearfix\" data-desktop=\"100\" data-mobi=\"60\" data-smobi=\"60\"><\/div>[vc_row_inner column_inner_spacing=&#8221;65&#8243;][vc_column_inner width=&#8221;1\/2&#8243;]<div class=\"bauer-simple-image text-center\" style=\"\" >\r\n\t\t\t<img decoding=\"async\" alt=\"image\" src=\"https:\/\/www.msbouwenschoonmaak.nl\/wp-content\/uploads\/2023\/01\/contact_2.webp\" \/> \r\n\t\t<\/div>\r\n\t<div class=\"bauer-spacer clearfix\" data-desktop=\"0\" data-mobi=\"40\" data-smobi=\"40\"><\/div>[\/vc_column_inner][vc_column_inner width=&#8221;1\/2&#8243;]\r\n\t<div class=\"bauer-spacer clearfix\" data-desktop=\"45\" data-mobi=\"0\" data-smobi=\"0\"><\/div><div class=\"bauer-single-heading clearfix \" style=\"margin-bottom:25px;\"><span class=\"inner\"><span class=\"heading clearfix \" style=\"font-weight:600;color:#777777;font-size:16px;\">\r\n\t\t\u0130leti\u015fim\r\n\t<\/span><\/span><\/div><h2 class=\"bauer-text clearfix \" style=\"font-size:42px;line-height:50px;margin-bottom:32px;\"><p>Bizimle nas\u0131l ileti\u015fime ge\u00e7ilir?<\/p>\n<\/h2><div class=\"bauer-text clearfix \" style=\"font-size:18px;line-height:30px;color:#414042;margin-bottom:40px;\"><p>Herhangi bir sorunuz varsa, herhangi bir y\u00fck\u00fcml\u00fcl\u00fck alt\u0131na girmeden bize bir mesaj g\u00f6nderin. Spesifik sorular i\u00e7in l\u00fctfen a\u015fa\u011f\u0131daki ileti\u015fim bilgilerinden birini kullan\u0131n.<\/p>\n<\/div><div class=\"bauer-grid-box clearfix grid2 border-light v-10 h-0 no-borders\" data-grid=\"2\" >\r\n\t\t<div class=\"bauer-icon-box clearfix icon-left align-left  simple\" style=\"background-color:#ffffff;padding:22px 25px 22px 25px;border-radius:5px;border:1px solid #e7e7e7;\" ><div class=\"wrap-inner\" style=\"position: relative;\"><div class=\"bauer-icon icon-61048635 custom accent-bg\"  data-icon=\"#ffffff\">\r\n\t\t\t\t<span class=\"icon\" style=\"font-size:18px;width:42px;height:42px;border-style:solid;border-radius:21px;line-height:44px;\"><i class=\"elegant-icon_phone\"><\/i><\/span>\r\n\t\t\t<\/div> <h3 class=\"heading \" style=\"padding-left:59px;color:#777777;font-size:15px;line-height:20px;\">\r\n\t\t\t<a href=\"tel:+31631995572\">\r\n\t\t\t\t<span>06-31995572<\/span>\r\n\t\t\t<\/a>\r\n\t\t<\/h3> <\/div><\/div><div class=\"bauer-icon-box clearfix icon-left align-left  simple\" style=\"background-color:#ffffff;padding:22px 25px 22px 25px;border-radius:5px;border:1px solid #e7e7e7;\" ><div class=\"wrap-inner\" style=\"position: relative;\"><div class=\"bauer-icon icon-317681062 custom accent-bg\"  data-icon=\"#ffffff\">\r\n\t\t\t\t<span class=\"icon\" style=\"font-size:18px;width:42px;height:42px;border-style:solid;border-radius:21px;line-height:44px;\"><i class=\"elegant-icon_mail\"><\/i><\/span>\r\n\t\t\t<\/div> <h3 class=\"heading \" style=\"padding-left:59px;color:#777777;font-size:15px;line-height:20px;\">\r\n\t\t\t<a href=\"mailto:info@msbouwenschoonmaak.com\">\r\n\t\t\t\t<span>info@msbouwenschoonmaak.com<\/span>\r\n\t\t\t<\/a>\r\n\t\t<\/h3> <\/div><\/div><div class=\"bauer-icon-box clearfix icon-left align-left  simple\" style=\"background-color:#ffffff;padding:22px 25px 22px 25px;border-radius:5px;border:1px solid #e7e7e7;\" ><div class=\"wrap-inner\" style=\"position: relative;\"><div class=\"bauer-icon icon-1636813477 custom accent-bg\"  data-icon=\"#ffffff\">\r\n\t\t\t\t<span class=\"icon\" style=\"font-size:18px;width:42px;height:42px;border-style:solid;border-radius:21px;line-height:44px;\"><i class=\"elegant-icon_map\"><\/i><\/span>\r\n\t\t\t<\/div> <h3 class=\"heading \" style=\"padding-left:59px;color:#777777;font-size:15px;line-height:20px;\">\r\n\t\t\t<a href=\"https:\/\/goo.gl\/maps\/WETd6hGe2da8oRuaA\" target=\"_blank\" rel=\"noopener\">\r\n\t\t\t\t<span>Bingerweg 18, 2031 AZ HAARLEM<\/span>\r\n\t\t\t<\/a>\r\n\t\t<\/h3> <\/div><\/div>\n\r\n\t<\/div>[\/vc_column_inner][\/vc_row_inner]\r\n\t<div class=\"bauer-spacer clearfix\" data-desktop=\"100\" data-mobi=\"50\" data-smobi=\"50\"><\/div>[\/vc_column][\/vc_row][vc_row fullwidth=&#8221;yes&#8221;][vc_column][vc_raw_html]JTNDaWZyYW1lJTIwc3JjJTNEJTIyaHR0cHMlM0ElMkYlMkZ3d3cuZ29vZ2xlLmNvbSUyRm1hcHMlMkZlbWJlZCUzRnBiJTNEJTIxMW0xNCUyMTFtOCUyMTFtMyUyMTFkOTczOC4xNjk2NjEwNTQwMyUyMTJkNC42NjMyOTg2JTIxM2Q1Mi4zOTY4NDUlMjEzbTIlMjExaTEwMjQlMjEyaTc2OCUyMTRmMTMuMSUyMTNtMyUyMTFtMiUyMTFzMHg0N2M1ZTU5NWIwNWY2NmEzJTI1M0EweGQyMGQzZmEyYjkwNDdiMTIlMjEyc00uUy4lMjUyMEJvdXclMjUyMCUyNTI2JTI1MjBTY2hvb25tYWFrJTIxNWUwJTIxM20yJTIxMXN0ciUyMTJzdHIlMjE0djE2ODg1NTczNTgxNjQlMjE1bTIlMjExc3RyJTIxMnN0ciUyMiUyMHdpZHRoJTNEJTIyMTAwJTI1JTIyJTIwaGVpZ2h0JTNEJTIyNDUwJTIyJTIwc3R5bGUlM0QlMjJib3JkZXIlM0EwJTNCJTIyJTIwYWxsb3dmdWxsc2NyZWVuJTNEJTIyJTIyJTIwbG9hZGluZyUzRCUyMmxhenklMjIlMjByZWZlcnJlcnBvbGljeSUzRCUyMm5vLXJlZmVycmVyLXdoZW4tZG93bmdyYWRlJTIyJTNFJTNDJTJGaWZyYW1lJTNF[\/vc_raw_html][\/vc_column][\/vc_row]<\/p>\n<\/section>","protected":false},"excerpt":{"rendered":"<p>[vc_row css=&#8221;.vc_custom_1675462978037{background-color: #f7f9fa !important;background-position: center !important;background-repeat: no-repeat !important;background-size: cover !important;}&#8221;][vc_column][vc_row_inner column_inner_spacing=&#8221;65&#8243;][vc_column_inner width=&#8221;1\/2&#8243;][\/vc_column_inner][vc_column_inner width=&#8221;1\/2&#8243;][\/vc_column_inner][\/vc_row_inner][\/vc_column][\/vc_row][vc_row fullwidth=&#8221;yes&#8221;][vc_column][vc_raw_html]JTNDaWZyYW1lJTIwc3JjJTNEJTIyaHR0cHMlM0ElMkYlMkZ3d3cuZ29vZ2xlLmNvbSUyRm1hcHMlMkZlbWJlZCUzRnBiJTNEJTIxMW0xNCUyMTFtOCUyMTFtMyUyMTFkOTczOC4xNjk2NjEwNTQwMyUyMTJkNC42NjMyOTg2JTIxM2Q1Mi4zOTY4NDUlMjEzbTIlMjExaTEwMjQlMjEyaTc2OCUyMTRmMTMuMSUyMTNtMyUyMTFtMiUyMTFzMHg0N2M1ZTU5NWIwNWY2NmEzJTI1M0EweGQyMGQzZmEyYjkwNDdiMTIlMjEyc00uUy4lMjUyMEJvdXclMjUyMCUyNTI2JTI1MjBTY2hvb25tYWFrJTIxNWUwJTIxM20yJTIxMXN0ciUyMTJzdHIlMjE0djE2ODg1NTczNTgxNjQlMjE1bTIlMjExc3RyJTIxMnN0ciUyMiUyMHdpZHRoJTNEJTIyMTAwJTI1JTIyJTIwaGVpZ2h0JTNEJTIyNDUwJTIyJTIwc3R5bGUlM0QlMjJib3JkZXIlM0EwJTNCJTIyJTIwYWxsb3dmdWxsc2NyZWVuJTNEJTIyJTIyJTIwbG9hZGluZyUzRCUyMmxhenklMjIlMjByZWZlcnJlcnBvbGljeSUzRCUyMm5vLXJlZmVycmVyLXdoZW4tZG93bmdyYWRlJTIyJTNFJTNDJTJGaWZyYW1lJTNF[\/vc_raw_html][\/vc_column][\/vc_row]<\/p>\n","protected":false},"author":2,"featured_media":0,"parent":0,"menu_order":0,"comment_status":"closed","ping_status":"closed","template":"","meta":{"footnotes":""},"class_list":["post-9643","page","type-page","status-publish","hentry"],"lang":"tr","translations":{"tr":9643,"en":9641,"nl":1339},"pll_sync_post":[],"_links":{"self":[{"href":"https:\/\/www.msbouwenschoonmaak.nl\/index.php?rest_route=\/wp\/v2\/pages\/9643","targetHints":{"allow":["GET"]}}],"collection":[{"href":"https:\/\/www.msbouwenschoonmaak.nl\/index.php?rest_route=\/wp\/v2\/pages"}],"about":[{"href":"https:\/\/www.msbouwenschoonmaak.nl\/index.php?rest_route=\/wp\/v2\/types\/page"}],"author":[{"embeddable":true,"href":"https:\/\/www.msbouwenschoonmaak.nl\/index.php?rest_route=\/wp\/v2\/users\/2"}],"replies":[{"embeddable":true,"href":"https:\/\/www.msbouwenschoonmaak.nl\/index.php?rest_route=%2Fwp%2Fv2%2Fcomments&post=9643"}],"version-history":[{"count":8,"href":"https:\/\/www.msbouwenschoonmaak.nl\/index.php?rest_route=\/wp\/v2\/pages\/9643\/revisions"}],"predecessor-version":[{"id":9892,"href":"https:\/\/www.msbouwenschoonmaak.nl\/index.php?rest_route=\/wp\/v2\/pages\/9643\/revisions\/9892"}],"wp:attachment":[{"href":"https:\/\/www.msbouwenschoonmaak.nl\/index.php?rest_route=%2Fwp%2Fv2%2Fmedia&parent=9643"}],"curies":[{"name":"wp","href":"https:\/\/api.w.org\/{rel}","templated":true}]}}