{"id":9647,"date":"2023-06-20T20:39:22","date_gmt":"2023-06-20T18:39:22","guid":{"rendered":"https:\/\/www.msbouwenschoonmaak.nl\/?page_id=9647"},"modified":"2023-06-21T20:48:56","modified_gmt":"2023-06-21T18:48:56","slug":"services","status":"publish","type":"page","link":"https:\/\/www.msbouwenschoonmaak.nl\/?page_id=9647&lang=en","title":{"rendered":"Services"},"content":{"rendered":"<section class=\"wpb-content-wrapper\"><p>[vc_row css=&#8221;.vc_custom_1558595409249{background-image: url(http:\/\/ninzio.com\/bauer\/wp-content\/uploads\/2019\/05\/section-bg1-1.png?id=7977) !important;background-position: center !important;background-repeat: no-repeat !important;background-size: cover !important;}&#8221; el_id=&#8221;first-row&#8221;][vc_column]\r\n\t<div class=\"bauer-spacer clearfix\" data-desktop=\"50\" data-mobi=\"30\" data-smobi=\"30\"><\/div>\r\n\t<div class=\"bauer-spacer clearfix\" data-desktop=\"94\" data-mobi=\"60\" data-smobi=\"60\"><\/div><div class=\"bauer-single-heading clearfix text-center\" style=\"margin-bottom:24px;\"><span class=\"inner\"><span class=\"heading clearfix \" style=\"font-weight:600;color:#ffc600;font-size:18px;\">\r\n\t\tProviding excellence in manpower\r\n\t<\/span><\/span><\/div><h2 class=\"bauer-text clearfix text-center\" style=\"font-size:42px;line-height:50px;margin-bottom:30px;\"><p>With experienced professionals we support you in the implementation of successful projects.<\/p>\n<\/h2>\r\n\t<div class=\"bauer-spacer clearfix\" data-desktop=\"50\" data-mobi=\"30\" data-smobi=\"30\"><\/div>[vc_row_inner disable_element=&#8221;yes&#8221;][vc_column_inner width=&#8221;1\/3&#8243;]<div class=\"bauer-icon-box clearfix icon-top align-center hover-style-1 simple\" style=\"background-color:#f7f9fa;padding:34px 25px 27px;border-radius:5px;border:1px solid #e7e7e7;\" ><div class=\"hover\" style=\"border-radius:5px;background-color:#030f27;\"><\/div><div class=\"wrap-inner\" style=\"position: relative;\"><div class=\"bauer-icon icon-2055063576 accent custom\"  data-background=\"\">\r\n\t\t\t\t<span class=\"icon\" style=\"font-size:50px;width:50px;height:50px;border-style:solid;line-height:50px;\"><i class=\"bauerico-building\"><\/i><\/span>\r\n\t\t\t<\/div> <h3 class=\"heading \" style=\"font-size:20px;line-height:24px;margin-top:22px;margin-bottom:12px;\">\r\n\t\t\t<span>Schoonmaak<\/span>\r\n\t\t<\/h3><div class=\"desc\" style=\"\"><p>Schoonmaken van scholen,\u00a0<span><\/span>Al jaren doen wij met onze ervaren medewerkers de schoonmaakwerkzaamheden van scholen tijdens de vaste, halfjaarlijkse en eindejaarsvakantie,\u00a0Schoonmaken van kantoren,\u00a0Schoonmaak bejaardentehuis,\u00a0Appartement schoonmaken,\u00a0Huis en villa schoonmaak,\u00a0Schoonmaak na de bouw,\u00a0Schoonmaken van trappen en ramen,\u00a0Schoonmaken winkelcentrum,\u00a0Schoonmaken van vloeren<\/p>\n<\/div> <div class=\"hover\" style=\"border-radius:5px;background-color:#030f27;\"><\/div><\/div><\/div>\r\n\t<div class=\"bauer-spacer clearfix\" data-desktop=\"30\" data-mobi=\"30\" data-smobi=\"30\"><\/div>[\/vc_column_inner][vc_column_inner width=&#8221;1\/3&#8243;]<div class=\"bauer-icon-box clearfix icon-top align-center hover-style-1 simple\" style=\"background-color:#f7f9fa;padding:34px 25px 27px;border-radius:5px;border:1px solid #e7e7e7;\" ><div class=\"hover\" style=\"border-radius:5px;background-color:#030f27;\"><\/div><div class=\"wrap-inner\" style=\"position: relative;\"><div class=\"bauer-icon icon-616207267 accent custom\"  data-background=\"\">\r\n\t\t\t\t<span class=\"icon\" style=\"font-size:50px;width:50px;height:50px;border-style:solid;line-height:50px;\"><i class=\"bauerico-brick-wall\"><\/i><\/span>\r\n\t\t\t<\/div> <h3 class=\"heading \" style=\"font-size:20px;line-height:24px;margin-top:22px;margin-bottom:12px;\">\r\n\t\t\t<span>\u0130n\u015faat<\/span>\r\n\t\t<\/h3><div class=\"desc\" style=\"\"><p>Y\u0131k\u0131m &amp; d\u00f6k\u00fcm i\u015fleri, Su ve elektrik tesisat\u0131, Fayans d\u00f6\u015feme, Komple banyo-tuvalet ve mutfak in\u015faat\u0131, \u0130\u00e7 dekorasyon<\/p>\n<\/div> <div class=\"hover\" style=\"border-radius:5px;background-color:#030f27;\"><\/div><\/div><\/div>\r\n\t<div class=\"bauer-spacer clearfix\" data-desktop=\"30\" data-mobi=\"30\" data-smobi=\"30\"><\/div>[\/vc_column_inner][vc_column_inner width=&#8221;1\/3&#8243;]<div class=\"bauer-icon-box clearfix icon-top align-center hover-style-1 simple\" style=\"background-color:#f7f9fa;padding:34px 25px 27px;border-radius:5px;border:1px solid #e7e7e7;\" ><div class=\"hover\" style=\"border-radius:5px;background-color:#030f27;\"><\/div><div class=\"wrap-inner\" style=\"position: relative;\"><div class=\"bauer-icon icon-1299092907 accent custom\"  data-background=\"\">\r\n\t\t\t\t<span class=\"icon\" style=\"font-size:50px;width:50px;height:50px;border-style:solid;line-height:50px;\"><i class=\"bauerico-barrel\"><\/i><\/span>\r\n\t\t\t<\/div> <h3 class=\"heading \" style=\"font-size:20px;line-height:24px;margin-top:22px;margin-bottom:12px;\">\r\n\t\t\t<span>Yol<\/span>\r\n\t\t<\/h3><div class=\"desc\" style=\"\"><p>Kablo d\u00f6\u015feme, Yol yap\u0131m\u0131nda yard\u0131mc\u0131 eleman, Yol a\u00e7ma-kapama, Yol ta\u015flar\u0131 d\u00f6\u015feme <\/p>\n<\/div> <div class=\"hover\" style=\"border-radius:5px;background-color:#030f27;\"><\/div><\/div><\/div>\r\n\t<div class=\"bauer-spacer clearfix\" data-desktop=\"30\" data-mobi=\"30\" data-smobi=\"30\"><\/div>[\/vc_column_inner][\/vc_row_inner][vc_row_inner disable_element=&#8221;yes&#8221;][vc_column_inner width=&#8221;1\/3&#8243;]<div class=\"bauer-icon-box clearfix icon-top align-center hover-style-1 simple\" style=\"background-color:#f7f9fa;padding:34px 25px 27px;border-radius:5px;border:1px solid #e7e7e7;\" ><div class=\"hover\" style=\"border-radius:5px;background-color:#030f27;\"><\/div><div class=\"wrap-inner\" style=\"position: relative;\"><div class=\"bauer-icon icon-1607386981 accent custom\"  data-background=\"\">\r\n\t\t\t\t<span class=\"icon\" style=\"font-size:50px;width:50px;height:50px;border-style:solid;line-height:50px;\"><i class=\"bauerico-building\"><\/i><\/span>\r\n\t\t\t<\/div> <h3 class=\"heading \" style=\"font-size:20px;line-height:24px;margin-top:22px;margin-bottom:12px;\">\r\n\t\t\t<span>Park &amp; Bah\u00e7e<\/span>\r\n\t\t<\/h3><div class=\"desc\" style=\"\"><p>Park bah\u00e7e bak\u0131m, onar\u0131m, temizleme<\/p>\n<\/div> <div class=\"hover\" style=\"border-radius:5px;background-color:#030f27;\"><\/div><\/div><\/div>\r\n\t<div class=\"bauer-spacer clearfix\" data-desktop=\"30\" data-mobi=\"30\" data-smobi=\"30\"><\/div>[\/vc_column_inner][vc_column_inner width=&#8221;1\/3&#8243;]<div class=\"bauer-icon-box clearfix icon-top align-center hover-style-1 simple\" style=\"background-color:#f7f9fa;padding:34px 25px 27px;border-radius:5px;border:1px solid #e7e7e7;\" ><div class=\"hover\" style=\"border-radius:5px;background-color:#030f27;\"><\/div><div class=\"wrap-inner\" style=\"position: relative;\"><div class=\"bauer-icon icon-917363006 accent custom\"  data-background=\"\">\r\n\t\t\t\t<span class=\"icon\" style=\"font-size:50px;width:50px;height:50px;border-style:solid;line-height:50px;\"><i class=\"bauerico-brick-wall\"><\/i><\/span>\r\n\t\t\t<\/div> <h3 class=\"heading \" style=\"font-size:20px;line-height:24px;margin-top:22px;margin-bottom:12px;\">\r\n\t\t\t<span>Otel<\/span>\r\n\t\t<\/h3><div class=\"desc\" style=\"\"><p>Otel temizli\u011fi, Oda ve katlar\u0131n temizli\u011fi, Elektrik, su ve mobilya tamirat i\u015fleri<\/p>\n<\/div> <div class=\"hover\" style=\"border-radius:5px;background-color:#030f27;\"><\/div><\/div><\/div>\r\n\t<div class=\"bauer-spacer clearfix\" data-desktop=\"30\" data-mobi=\"30\" data-smobi=\"30\"><\/div>[\/vc_column_inner][vc_column_inner width=&#8221;1\/3&#8243;]<div class=\"bauer-icon-box clearfix icon-top align-center hover-style-1 simple\" style=\"background-color:#f7f9fa;padding:34px 25px 27px;border-radius:5px;border:1px solid #e7e7e7;\" ><div class=\"hover\" style=\"border-radius:5px;background-color:#030f27;\"><\/div><div class=\"wrap-inner\" style=\"position: relative;\"><div class=\"bauer-icon icon-261295919 accent custom\"  data-background=\"\">\r\n\t\t\t\t<span class=\"icon\" style=\"font-size:50px;width:50px;height:50px;border-style:solid;line-height:50px;\"><i class=\"bauerico-barrel\"><\/i><\/span>\r\n\t\t\t<\/div> <h3 class=\"heading \" style=\"font-size:20px;line-height:24px;margin-top:22px;margin-bottom:12px;\">\r\n\t\t\t<span>Mobilya<\/span>\r\n\t\t<\/h3><div class=\"desc\" style=\"\"><p>E\u015fya ta\u015f\u0131ma, Mobilya montaj\u0131 <\/p>\n<\/div> <div class=\"hover\" style=\"border-radius:5px;background-color:#030f27;\"><\/div><\/div><\/div>\r\n\t<div class=\"bauer-spacer clearfix\" data-desktop=\"30\" data-mobi=\"30\" data-smobi=\"30\"><\/div>[\/vc_column_inner][\/vc_row_inner][\/vc_column][\/vc_row][vc_row row_content_position=&#8221;middle&#8221; row_equal_height=&#8221;yes&#8221; css=&#8221;.vc_custom_1687372815192{margin-top: 30px !important;padding-bottom: 30px !important;}&#8221; el_id=&#8221;cleaning&#8221;][vc_column width=&#8221;1\/2&#8243;][vc_single_image image=&#8221;9331&#8243;][\/vc_column][vc_column width=&#8221;1\/12&#8243;][\/vc_column][vc_column width=&#8221;5\/12&#8243;]<div class=\"bauer-icon-box clearfix icon-top align-left  simple\" style=\"\" ><div class=\"wrap-inner\" style=\"position: relative;\"> <h3 class=\"heading \" style=\"\">\r\n\t\t\t<span>Cleaning<\/span>\r\n\t\t<\/h3><div class=\"desc\" style=\"\"><ul>\n<li>Schools (childcare\/primary schools)Nursing homes<\/li>\n<li>Housing complexes<\/li>\n<li>Complete house maintenance<\/li>\n<li>Construction completion<\/li>\n<li>Stairwells<\/li>\n<\/ul>\n<p>We also provide periodic services during the holidays.<\/p>\n<\/div> <\/div><\/div>[\/vc_column][\/vc_row][vc_row row_content_position=&#8221;middle&#8221; row_equal_height=&#8221;yes&#8221; css=&#8221;.vc_custom_1687373139538{margin-top: 30px !important;padding-bottom: 30px !important;}&#8221; el_id=&#8221;build&#8221;][vc_column width=&#8221;2\/5&#8243; offset=&#8221;vc_hidden-sm vc_hidden-xs&#8221;]<div class=\"bauer-icon-box clearfix icon-top align-left  simple\" style=\"\" ><div class=\"wrap-inner\" style=\"position: relative;\"> <h3 class=\"heading \" style=\"\">\r\n\t\t\t<span>Build<\/span>\r\n\t\t<\/h3><div class=\"desc\" style=\"\"><ul>\n<li>Bathroom renovation<\/li>\n<li>Toilet renovation<\/li>\n<li>Kitchen renovation<\/li>\n<li>Demolition and casting work<\/li>\n<li>Electricians<\/li>\n<\/ul>\n<\/div> <\/div><\/div>[\/vc_column][vc_column width=&#8221;1\/12&#8243; offset=&#8221;vc_hidden-sm vc_hidden-xs&#8221;][\/vc_column][vc_column width=&#8221;1\/2&#8243; offset=&#8221;vc_hidden-sm vc_hidden-xs&#8221;][vc_single_image image=&#8221;9328&#8243;][\/vc_column][\/vc_row][vc_row row_content_position=&#8221;middle&#8221; row_equal_height=&#8221;yes&#8221; css=&#8221;.vc_custom_1675461558292{margin-top: 30px !important;padding-bottom: 30px !important;}&#8221; el_id=&#8221;bouw&#8221;][vc_column width=&#8221;1\/2&#8243; offset=&#8221;vc_hidden-lg vc_hidden-md&#8221;][vc_single_image image=&#8221;9328&#8243;][\/vc_column][vc_column width=&#8221;1\/12&#8243; offset=&#8221;vc_hidden-lg vc_hidden-md&#8221;][\/vc_column][vc_column width=&#8221;2\/5&#8243; offset=&#8221;vc_hidden-lg vc_hidden-md&#8221;]<div class=\"bauer-icon-box clearfix icon-top align-left  simple\" style=\"\" ><div class=\"wrap-inner\" style=\"position: relative;\"> <h3 class=\"heading \" style=\"\">\r\n\t\t\t<span>Bouw<\/span>\r\n\t\t<\/h3><div class=\"desc\" style=\"\"><ul>\n<li><span>Badkamer renovatie<\/span><\/li>\n<li><span>Toilet renovatie<\/span><\/li>\n<li><span>Keuken renovatie<\/span><\/li>\n<li><span>Sloop- en giet werkzaamheden<\/span><\/li>\n<li><span>Elektriciens<\/span><\/li>\n<\/ul>\n<\/div> <\/div><\/div>[\/vc_column][\/vc_row][vc_row row_content_position=&#8221;middle&#8221; row_equal_height=&#8221;yes&#8221; css=&#8221;.vc_custom_1687373063309{margin-top: 30px !important;padding-bottom: 30px !important;}&#8221; el_id=&#8221;roadwork&#8221;][vc_column width=&#8221;1\/2&#8243;][vc_single_image image=&#8221;9332&#8243;][\/vc_column][vc_column width=&#8221;1\/12&#8243;][\/vc_column][vc_column width=&#8221;2\/5&#8243;]<div class=\"bauer-icon-box clearfix icon-top align-left  simple\" style=\"\" ><div class=\"wrap-inner\" style=\"position: relative;\"> <h3 class=\"heading \" style=\"\">\r\n\t\t\t<span>Road work<\/span>\r\n\t\t<\/h3><div class=\"desc\" style=\"\"><ul>\n<li>Cable-layers on the road<\/li>\n<li>Traffic controllers<\/li>\n<li>Street makers<\/li>\n<li>Construction support staff<\/li>\n<\/ul>\n<\/div> <\/div><\/div>[\/vc_column][\/vc_row][vc_row row_content_position=&#8221;middle&#8221; row_equal_height=&#8221;yes&#8221; css=&#8221;.vc_custom_1687373236819{margin-top: 30px !important;padding-bottom: 30px !important;}&#8221; el_id=&#8221;parkandgarden&#8221;][vc_column width=&#8221;2\/5&#8243; offset=&#8221;vc_hidden-sm vc_hidden-xs&#8221;]<div class=\"bauer-icon-box clearfix icon-top align-left  simple\" style=\"\" ><div class=\"wrap-inner\" style=\"position: relative;\"> <h3 class=\"heading \" style=\"\">\r\n\t\t\t<span>Park and garden<\/span>\r\n\t\t<\/h3><div class=\"desc\" style=\"\"><ul>\n<li>Maintenance, repair and cleaning of parks and gardens<\/li>\n<\/ul>\n<\/div> <\/div><\/div>[\/vc_column][vc_column width=&#8221;1\/12&#8243; offset=&#8221;vc_hidden-sm vc_hidden-xs&#8221;][\/vc_column][vc_column width=&#8221;1\/2&#8243; offset=&#8221;vc_hidden-sm vc_hidden-xs&#8221;][vc_single_image image=&#8221;9330&#8243;][\/vc_column][\/vc_row][vc_row row_content_position=&#8221;middle&#8221; row_equal_height=&#8221;yes&#8221; css=&#8221;.vc_custom_1675461674056{margin-top: 30px !important;padding-bottom: 30px !important;}&#8221; el_id=&#8221;park-en-tuin&#8221;][vc_column width=&#8221;1\/2&#8243; offset=&#8221;vc_hidden-lg vc_hidden-md&#8221;][vc_single_image image=&#8221;9330&#8243;][\/vc_column][vc_column width=&#8221;1\/12&#8243; offset=&#8221;vc_hidden-lg vc_hidden-md&#8221;][\/vc_column][vc_column width=&#8221;2\/5&#8243; offset=&#8221;vc_hidden-lg vc_hidden-md&#8221;]<div class=\"bauer-icon-box clearfix icon-top align-left  simple\" style=\"\" ><div class=\"wrap-inner\" style=\"position: relative;\"> <h3 class=\"heading \" style=\"\">\r\n\t\t\t<span>Park en tuin<\/span>\r\n\t\t<\/h3><div class=\"desc\" style=\"\"><ul>\n<li>Onderhoud, reparatie en schoonmaak van parken en tuinen<\/li>\n<\/ul>\n<\/div> <\/div><\/div>[\/vc_column][\/vc_row][vc_row row_content_position=&#8221;middle&#8221; row_equal_height=&#8221;yes&#8221; css=&#8221;.vc_custom_1675461691148{margin-top: 30px !important;padding-bottom: 30px !important;}&#8221; el_id=&#8221;hotel&#8221;][vc_column width=&#8221;1\/2&#8243;][vc_single_image image=&#8221;9329&#8243;][\/vc_column][vc_column width=&#8221;1\/12&#8243;][\/vc_column][vc_column width=&#8221;2\/5&#8243;]<div class=\"bauer-icon-box clearfix icon-top align-left  simple\" style=\"\" ><div class=\"wrap-inner\" style=\"position: relative;\"> <h3 class=\"heading \" style=\"\">\r\n\t\t\t<span>Hotel<\/span>\r\n\t\t<\/h3><div class=\"desc\" style=\"\"><ul>\n<li>housekeeping<\/li>\n<li>Repair work<\/li>\n<li>Supervisor<\/li>\n<li>All-round concierge<\/li>\n<\/ul>\n<\/div> <\/div><\/div>[\/vc_column][\/vc_row][vc_row row_content_position=&#8221;middle&#8221; row_equal_height=&#8221;yes&#8221; css=&#8221;.vc_custom_1687373272247{margin-top: 30px !important;padding-bottom: 30px !important;}&#8221; el_id=&#8221;relocation&#8221;][vc_column width=&#8221;2\/5&#8243; offset=&#8221;vc_hidden-sm vc_hidden-xs&#8221;]<div class=\"bauer-icon-box clearfix icon-top align-left  simple\" style=\"\" ><div class=\"wrap-inner\" style=\"position: relative;\"> <h3 class=\"heading \" style=\"\">\r\n\t\t\t<span>Relocation<\/span>\r\n\t\t<\/h3><div class=\"desc\" style=\"\"><ul>\n<li>Relocation<\/li>\n<li>We take care of everything during your move!<\/li>\n<\/ul>\n<p>Assembly work (if necessary)<\/p>\n<\/div> <\/div><\/div>[\/vc_column][vc_column width=&#8221;1\/12&#8243; offset=&#8221;vc_hidden-sm vc_hidden-xs&#8221;][\/vc_column][vc_column width=&#8221;1\/2&#8243; offset=&#8221;vc_hidden-sm vc_hidden-xs&#8221;][vc_single_image image=&#8221;9333&#8243;][\/vc_column][\/vc_row][vc_row row_content_position=&#8221;middle&#8221; row_equal_height=&#8221;yes&#8221; css=&#8221;.vc_custom_1675461719400{margin-top: 30px !important;padding-bottom: 30px !important;}&#8221; el_id=&#8221;verhuizing&#8221;][vc_column width=&#8221;1\/2&#8243; offset=&#8221;vc_hidden-lg vc_hidden-md&#8221;][vc_single_image image=&#8221;9333&#8243;][\/vc_column][vc_column width=&#8221;1\/12&#8243; offset=&#8221;vc_hidden-lg vc_hidden-md&#8221;][\/vc_column][vc_column width=&#8221;2\/5&#8243; offset=&#8221;vc_hidden-lg vc_hidden-md&#8221;]<div class=\"bauer-icon-box clearfix icon-top align-left  simple\" style=\"\" ><div class=\"wrap-inner\" style=\"position: relative;\"> <h3 class=\"heading \" style=\"\">\r\n\t\t\t<span>Verhuizing<\/span>\r\n\t\t<\/h3><div class=\"desc\" style=\"\"><ul>\n<li><span>Verhuizing <\/span><\/li>\n<li><span>Montagewerkzaamheden (indien nodig)<\/span><\/li>\n<\/ul>\n<p style=\"font-weight: 400;\"><span>Wij nemen tijdens uw verhuizen alle zorg uit uw handen!<\/span><\/p>\n<\/div> <\/div><\/div>[\/vc_column][\/vc_row][vc_row][vc_column]\r\n\t<div class=\"bauer-spacer clearfix\" data-desktop=\"100\" data-mobi=\"60\" data-smobi=\"60\"><\/div>[\/vc_column][\/vc_row]<\/p>\n<\/section>","protected":false},"excerpt":{"rendered":"<p>[vc_row css=&#8221;.vc_custom_1558595409249{background-image: url(http:\/\/ninzio.com\/bauer\/wp-content\/uploads\/2019\/05\/section-bg1-1.png?id=7977) !important;background-position: center !important;background-repeat: no-repeat !important;background-size: cover !important;}&#8221; el_id=&#8221;first-row&#8221;][vc_column][vc_row_inner disable_element=&#8221;yes&#8221;][vc_column_inner width=&#8221;1\/3&#8243;][\/vc_column_inner][vc_column_inner width=&#8221;1\/3&#8243;][\/vc_column_inner][vc_column_inner width=&#8221;1\/3&#8243;][\/vc_column_inner][\/vc_row_inner][vc_row_inner disable_element=&#8221;yes&#8221;][vc_column_inner width=&#8221;1\/3&#8243;][\/vc_column_inner][vc_column_inner width=&#8221;1\/3&#8243;][\/vc_column_inner][vc_column_inner width=&#8221;1\/3&#8243;][\/vc_column_inner][\/vc_row_inner][\/vc_column][\/vc_row][vc_row row_content_position=&#8221;middle&#8221; row_equal_height=&#8221;yes&#8221; css=&#8221;.vc_custom_1687372815192{margin-top: 30px !important;padding-bottom: 30px !important;}&#8221; el_id=&#8221;cleaning&#8221;][vc_column width=&#8221;1\/2&#8243;][vc_single_image image=&#8221;9331&#8243;][\/vc_column][vc_column width=&#8221;1\/12&#8243;][\/vc_column][vc_column width=&#8221;5\/12&#8243;][\/vc_column][\/vc_row][vc_row row_content_position=&#8221;middle&#8221; row_equal_height=&#8221;yes&#8221; css=&#8221;.vc_custom_1687373139538{margin-top: 30px !important;padding-bottom: 30px !important;}&#8221; el_id=&#8221;build&#8221;][vc_column width=&#8221;2\/5&#8243; offset=&#8221;vc_hidden-sm vc_hidden-xs&#8221;][\/vc_column][vc_column width=&#8221;1\/12&#8243; offset=&#8221;vc_hidden-sm vc_hidden-xs&#8221;][\/vc_column][vc_column width=&#8221;1\/2&#8243; offset=&#8221;vc_hidden-sm vc_hidden-xs&#8221;][vc_single_image image=&#8221;9328&#8243;][\/vc_column][\/vc_row][vc_row row_content_position=&#8221;middle&#8221;<\/p>\n","protected":false},"author":3,"featured_media":0,"parent":0,"menu_order":0,"comment_status":"closed","ping_status":"closed","template":"","meta":{"footnotes":""},"class_list":["post-9647","page","type-page","status-publish","hentry"],"lang":"en","translations":{"en":9647,"tr":9649,"nl":1326},"pll_sync_post":[],"_links":{"self":[{"href":"https:\/\/www.msbouwenschoonmaak.nl\/index.php?rest_route=\/wp\/v2\/pages\/9647","targetHints":{"allow":["GET"]}}],"collection":[{"href":"https:\/\/www.msbouwenschoonmaak.nl\/index.php?rest_route=\/wp\/v2\/pages"}],"about":[{"href":"https:\/\/www.msbouwenschoonmaak.nl\/index.php?rest_route=\/wp\/v2\/types\/page"}],"author":[{"embeddable":true,"href":"https:\/\/www.msbouwenschoonmaak.nl\/index.php?rest_route=\/wp\/v2\/users\/3"}],"replies":[{"embeddable":true,"href":"https:\/\/www.msbouwenschoonmaak.nl\/index.php?rest_route=%2Fwp%2Fv2%2Fcomments&post=9647"}],"version-history":[{"count":3,"href":"https:\/\/www.msbouwenschoonmaak.nl\/index.php?rest_route=\/wp\/v2\/pages\/9647\/revisions"}],"predecessor-version":[{"id":9811,"href":"https:\/\/www.msbouwenschoonmaak.nl\/index.php?rest_route=\/wp\/v2\/pages\/9647\/revisions\/9811"}],"wp:attachment":[{"href":"https:\/\/www.msbouwenschoonmaak.nl\/index.php?rest_route=%2Fwp%2Fv2%2Fmedia&parent=9647"}],"curies":[{"name":"wp","href":"https:\/\/api.w.org\/{rel}","templated":true}]}}