{"id":9649,"date":"2023-06-20T20:40:22","date_gmt":"2023-06-20T18:40:22","guid":{"rendered":"https:\/\/www.msbouwenschoonmaak.nl\/?page_id=9649"},"modified":"2025-12-17T12:46:13","modified_gmt":"2025-12-17T11:46:13","slug":"hizmetler","status":"publish","type":"page","link":"https:\/\/www.msbouwenschoonmaak.nl\/?page_id=9649&lang=tr","title":{"rendered":"Hizmetler"},"content":{"rendered":"<section class=\"wpb-content-wrapper\"><p>[vc_row css=&#8221;.vc_custom_1558595409249{background-image: url(http:\/\/ninzio.com\/bauer\/wp-content\/uploads\/2019\/05\/section-bg1-1.png?id=7977) !important;background-position: center !important;background-repeat: no-repeat !important;background-size: cover !important;}&#8221; el_id=&#8221;first-row&#8221;][vc_column]\r\n\t<div class=\"bauer-spacer clearfix\" data-desktop=\"50\" data-mobi=\"30\" data-smobi=\"30\"><\/div>\r\n\t<div class=\"bauer-spacer clearfix\" data-desktop=\"94\" data-mobi=\"60\" data-smobi=\"60\"><\/div><div class=\"bauer-single-heading clearfix text-center\" style=\"margin-bottom:24px;\"><span class=\"inner\"><span class=\"heading clearfix \" style=\"font-weight:600;color:#ffc600;font-size:18px;\">\r\n\t\t\u0130nsan g\u00fcc\u00fcnde m\u00fckemmelli\u011fi sa\u011flamak\r\n\t<\/span><\/span><\/div><h2 class=\"bauer-text clearfix text-center\" style=\"font-size:42px;line-height:50px;margin-bottom:30px;\"><p>Deneyimli profesyonellerle, ba\u015far\u0131l\u0131 projelerin uygulanmas\u0131nda size destek oluyoruz.<\/p>\n<\/h2>\r\n\t<div class=\"bauer-spacer clearfix\" data-desktop=\"50\" data-mobi=\"30\" data-smobi=\"30\"><\/div>[vc_row_inner disable_element=&#8221;yes&#8221;][vc_column_inner width=&#8221;1\/3&#8243;]<div class=\"bauer-icon-box clearfix icon-top align-center hover-style-1 simple\" style=\"background-color:#f7f9fa;padding:34px 25px 27px;border-radius:5px;border:1px solid #e7e7e7;\" ><div class=\"hover\" style=\"border-radius:5px;background-color:#030f27;\"><\/div><div class=\"wrap-inner\" style=\"position: relative;\"><div class=\"bauer-icon icon-1534754355 accent custom\"  data-background=\"\">\r\n\t\t\t\t<span class=\"icon\" style=\"font-size:50px;width:50px;height:50px;border-style:solid;line-height:50px;\"><i class=\"bauerico-building\"><\/i><\/span>\r\n\t\t\t<\/div> <h3 class=\"heading \" style=\"font-size:20px;line-height:24px;margin-top:22px;margin-bottom:12px;\">\r\n\t\t\t<span>Schoonmaak<\/span>\r\n\t\t<\/h3><div class=\"desc\" style=\"\"><p>Schoonmaken van scholen,\u00a0<span><\/span>Al jaren doen wij met onze ervaren medewerkers de schoonmaakwerkzaamheden van scholen tijdens de vaste, halfjaarlijkse en eindejaarsvakantie,\u00a0Schoonmaken van kantoren,\u00a0Schoonmaak bejaardentehuis,\u00a0Appartement schoonmaken,\u00a0Huis en villa schoonmaak,\u00a0Schoonmaak na de bouw,\u00a0Schoonmaken van trappen en ramen,\u00a0Schoonmaken winkelcentrum,\u00a0Schoonmaken van vloeren<\/p>\n<\/div> <div class=\"hover\" style=\"border-radius:5px;background-color:#030f27;\"><\/div><\/div><\/div>\r\n\t<div class=\"bauer-spacer clearfix\" data-desktop=\"30\" data-mobi=\"30\" data-smobi=\"30\"><\/div>[\/vc_column_inner][vc_column_inner width=&#8221;1\/3&#8243;]<div class=\"bauer-icon-box clearfix icon-top align-center hover-style-1 simple\" style=\"background-color:#f7f9fa;padding:34px 25px 27px;border-radius:5px;border:1px solid #e7e7e7;\" ><div class=\"hover\" style=\"border-radius:5px;background-color:#030f27;\"><\/div><div class=\"wrap-inner\" style=\"position: relative;\"><div class=\"bauer-icon icon-403648975 accent custom\"  data-background=\"\">\r\n\t\t\t\t<span class=\"icon\" style=\"font-size:50px;width:50px;height:50px;border-style:solid;line-height:50px;\"><i class=\"bauerico-brick-wall\"><\/i><\/span>\r\n\t\t\t<\/div> <h3 class=\"heading \" style=\"font-size:20px;line-height:24px;margin-top:22px;margin-bottom:12px;\">\r\n\t\t\t<span>\u0130n\u015faat<\/span>\r\n\t\t<\/h3><div class=\"desc\" style=\"\"><p>Y\u0131k\u0131m &amp; d\u00f6k\u00fcm i\u015fleri, Su ve elektrik tesisat\u0131, Fayans d\u00f6\u015feme, Komple banyo-tuvalet ve mutfak in\u015faat\u0131, \u0130\u00e7 dekorasyon<\/p>\n<\/div> <div class=\"hover\" style=\"border-radius:5px;background-color:#030f27;\"><\/div><\/div><\/div>\r\n\t<div class=\"bauer-spacer clearfix\" data-desktop=\"30\" data-mobi=\"30\" data-smobi=\"30\"><\/div>[\/vc_column_inner][vc_column_inner width=&#8221;1\/3&#8243;]<div class=\"bauer-icon-box clearfix icon-top align-center hover-style-1 simple\" style=\"background-color:#f7f9fa;padding:34px 25px 27px;border-radius:5px;border:1px solid #e7e7e7;\" ><div class=\"hover\" style=\"border-radius:5px;background-color:#030f27;\"><\/div><div class=\"wrap-inner\" style=\"position: relative;\"><div class=\"bauer-icon icon-690891410 accent custom\"  data-background=\"\">\r\n\t\t\t\t<span class=\"icon\" style=\"font-size:50px;width:50px;height:50px;border-style:solid;line-height:50px;\"><i class=\"bauerico-barrel\"><\/i><\/span>\r\n\t\t\t<\/div> <h3 class=\"heading \" style=\"font-size:20px;line-height:24px;margin-top:22px;margin-bottom:12px;\">\r\n\t\t\t<span>Yol<\/span>\r\n\t\t<\/h3><div class=\"desc\" style=\"\"><p>Kablo d\u00f6\u015feme, Yol yap\u0131m\u0131nda yard\u0131mc\u0131 eleman, Yol a\u00e7ma-kapama, Yol ta\u015flar\u0131 d\u00f6\u015feme <\/p>\n<\/div> <div class=\"hover\" style=\"border-radius:5px;background-color:#030f27;\"><\/div><\/div><\/div>\r\n\t<div class=\"bauer-spacer clearfix\" data-desktop=\"30\" data-mobi=\"30\" data-smobi=\"30\"><\/div>[\/vc_column_inner][\/vc_row_inner][vc_row_inner disable_element=&#8221;yes&#8221;][vc_column_inner width=&#8221;1\/3&#8243;]<div class=\"bauer-icon-box clearfix icon-top align-center hover-style-1 simple\" style=\"background-color:#f7f9fa;padding:34px 25px 27px;border-radius:5px;border:1px solid #e7e7e7;\" ><div class=\"hover\" style=\"border-radius:5px;background-color:#030f27;\"><\/div><div class=\"wrap-inner\" style=\"position: relative;\"><div class=\"bauer-icon icon-1815864707 accent custom\"  data-background=\"\">\r\n\t\t\t\t<span class=\"icon\" style=\"font-size:50px;width:50px;height:50px;border-style:solid;line-height:50px;\"><i class=\"bauerico-building\"><\/i><\/span>\r\n\t\t\t<\/div> <h3 class=\"heading \" style=\"font-size:20px;line-height:24px;margin-top:22px;margin-bottom:12px;\">\r\n\t\t\t<span>Park &amp; Bah\u00e7e<\/span>\r\n\t\t<\/h3><div class=\"desc\" style=\"\"><p>Park bah\u00e7e bak\u0131m, onar\u0131m, temizleme<\/p>\n<\/div> <div class=\"hover\" style=\"border-radius:5px;background-color:#030f27;\"><\/div><\/div><\/div>\r\n\t<div class=\"bauer-spacer clearfix\" data-desktop=\"30\" data-mobi=\"30\" data-smobi=\"30\"><\/div>[\/vc_column_inner][vc_column_inner width=&#8221;1\/3&#8243;]<div class=\"bauer-icon-box clearfix icon-top align-center hover-style-1 simple\" style=\"background-color:#f7f9fa;padding:34px 25px 27px;border-radius:5px;border:1px solid #e7e7e7;\" ><div class=\"hover\" style=\"border-radius:5px;background-color:#030f27;\"><\/div><div class=\"wrap-inner\" style=\"position: relative;\"><div class=\"bauer-icon icon-1836083994 accent custom\"  data-background=\"\">\r\n\t\t\t\t<span class=\"icon\" style=\"font-size:50px;width:50px;height:50px;border-style:solid;line-height:50px;\"><i class=\"bauerico-brick-wall\"><\/i><\/span>\r\n\t\t\t<\/div> <h3 class=\"heading \" style=\"font-size:20px;line-height:24px;margin-top:22px;margin-bottom:12px;\">\r\n\t\t\t<span>Otel<\/span>\r\n\t\t<\/h3><div class=\"desc\" style=\"\"><p>Otel temizli\u011fi, Oda ve katlar\u0131n temizli\u011fi, Elektrik, su ve mobilya tamirat i\u015fleri<\/p>\n<\/div> <div class=\"hover\" style=\"border-radius:5px;background-color:#030f27;\"><\/div><\/div><\/div>\r\n\t<div class=\"bauer-spacer clearfix\" data-desktop=\"30\" data-mobi=\"30\" data-smobi=\"30\"><\/div>[\/vc_column_inner][vc_column_inner width=&#8221;1\/3&#8243;]<div class=\"bauer-icon-box clearfix icon-top align-center hover-style-1 simple\" style=\"background-color:#f7f9fa;padding:34px 25px 27px;border-radius:5px;border:1px solid #e7e7e7;\" ><div class=\"hover\" style=\"border-radius:5px;background-color:#030f27;\"><\/div><div class=\"wrap-inner\" style=\"position: relative;\"><div class=\"bauer-icon icon-770709764 accent custom\"  data-background=\"\">\r\n\t\t\t\t<span class=\"icon\" style=\"font-size:50px;width:50px;height:50px;border-style:solid;line-height:50px;\"><i class=\"bauerico-barrel\"><\/i><\/span>\r\n\t\t\t<\/div> <h3 class=\"heading \" style=\"font-size:20px;line-height:24px;margin-top:22px;margin-bottom:12px;\">\r\n\t\t\t<span>Mobilya<\/span>\r\n\t\t<\/h3><div class=\"desc\" style=\"\"><p>E\u015fya ta\u015f\u0131ma, Mobilya montaj\u0131 <\/p>\n<\/div> <div class=\"hover\" style=\"border-radius:5px;background-color:#030f27;\"><\/div><\/div><\/div>\r\n\t<div class=\"bauer-spacer clearfix\" data-desktop=\"30\" data-mobi=\"30\" data-smobi=\"30\"><\/div>[\/vc_column_inner][\/vc_row_inner][\/vc_column][\/vc_row][vc_row row_content_position=&#8221;middle&#8221; row_equal_height=&#8221;yes&#8221; css=&#8221;.vc_custom_1687374068291{margin-top: 30px !important;padding-bottom: 30px !important;}&#8221; el_id=&#8221;temizlik&#8221;][vc_column width=&#8221;1\/2&#8243;][vc_single_image image=&#8221;9331&#8243;][\/vc_column][vc_column width=&#8221;1\/12&#8243;][\/vc_column][vc_column width=&#8221;5\/12&#8243;]<div class=\"bauer-icon-box clearfix icon-top align-left  simple\" style=\"\" ><div class=\"wrap-inner\" style=\"position: relative;\"> <h3 class=\"heading \" style=\"\">\r\n\t\t\t<span>Temizlik<\/span>\r\n\t\t<\/h3><div class=\"desc\" style=\"\"><ul>\n<li>Okullar (\u00e7ocuk bak\u0131m\u0131\/ilkokullar)<\/li>\n<li>Bak\u0131m evleri<\/li>\n<li>Konut kompleksleri<\/li>\n<li>Komple ev bak\u0131m\u0131<\/li>\n<li>\u0130n\u015faat\u0131n tamamlanmas\u0131<\/li>\n<li>Merdiven bo\u015fluklar\u0131<\/li>\n<li>Bayramlarda da periyodik olarak hizmet vermekteyiz.<\/li>\n<\/ul>\n<\/div> <\/div><\/div>[\/vc_column][\/vc_row][vc_row row_content_position=&#8221;middle&#8221; row_equal_height=&#8221;yes&#8221; css=&#8221;.vc_custom_1687374976454{margin-top: 30px !important;padding-bottom: 30px !important;}&#8221; el_id=&#8221;insaat&#8221;][vc_column width=&#8221;2\/5&#8243; offset=&#8221;vc_hidden-sm vc_hidden-xs&#8221;]<div class=\"bauer-icon-box clearfix icon-top align-left  simple\" style=\"\" ><div class=\"wrap-inner\" style=\"position: relative;\"> <h3 class=\"heading \" style=\"\">\r\n\t\t\t<span>\u0130n\u015faat<\/span>\r\n\t\t<\/h3><div class=\"desc\" style=\"\"><ul>\n<li>Banyo tadilat\u0131<\/li>\n<li>Tuvalet yenileme<\/li>\n<li>Mutfak tadilat\u0131<\/li>\n<li>Y\u0131k\u0131m ve d\u00f6k\u00fcm i\u015fleri<\/li>\n<li>Elektrik\u00e7iler<\/li>\n<\/ul>\n<\/div> <\/div><\/div>[\/vc_column][vc_column width=&#8221;1\/12&#8243; offset=&#8221;vc_hidden-sm vc_hidden-xs&#8221;][\/vc_column][vc_column width=&#8221;1\/2&#8243; offset=&#8221;vc_hidden-sm vc_hidden-xs&#8221;][vc_single_image image=&#8221;10457&#8243;][\/vc_column][\/vc_row][vc_row row_content_position=&#8221;middle&#8221; row_equal_height=&#8221;yes&#8221; css=&#8221;.vc_custom_1675461558292{margin-top: 30px !important;padding-bottom: 30px !important;}&#8221; el_id=&#8221;bouw&#8221;][vc_column width=&#8221;1\/2&#8243; offset=&#8221;vc_hidden-lg vc_hidden-md&#8221;][vc_single_image image=&#8221;10457&#8243;][\/vc_column][vc_column width=&#8221;1\/12&#8243; offset=&#8221;vc_hidden-lg vc_hidden-md&#8221;][\/vc_column][vc_column width=&#8221;2\/5&#8243; offset=&#8221;vc_hidden-lg vc_hidden-md&#8221;]<div class=\"bauer-icon-box clearfix icon-top align-left  simple\" style=\"\" ><div class=\"wrap-inner\" style=\"position: relative;\"> <h3 class=\"heading \" style=\"\">\r\n\t\t\t<span>\u0130n\u015faat<\/span>\r\n\t\t<\/h3><div class=\"desc\" style=\"\"><ul>\n<li>Banyo tadilat\u0131<\/li>\n<li>Tuvalet yenileme<\/li>\n<li>Mutfak tadilat\u0131<\/li>\n<li>Y\u0131k\u0131m ve d\u00f6k\u00fcm i\u015fleri<\/li>\n<li>Elektrik\u00e7iler<\/li>\n<\/ul>\n<\/div> <\/div><\/div>[\/vc_column][\/vc_row][vc_row row_content_position=&#8221;middle&#8221; row_equal_height=&#8221;yes&#8221; css=&#8221;.vc_custom_1687374985109{margin-top: 30px !important;padding-bottom: 30px !important;}&#8221; el_id=&#8221;yolcalismasi&#8221;][vc_column width=&#8221;1\/2&#8243;][vc_single_image image=&#8221;9332&#8243;][\/vc_column][vc_column width=&#8221;1\/12&#8243;][\/vc_column][vc_column width=&#8221;2\/5&#8243;]<div class=\"bauer-icon-box clearfix icon-top align-left  simple\" style=\"\" ><div class=\"wrap-inner\" style=\"position: relative;\"> <h3 class=\"heading \" style=\"\">\r\n\t\t\t<span>Yol \u00c7al\u0131\u015fmas\u0131<\/span>\r\n\t\t<\/h3><div class=\"desc\" style=\"\"><ul>\n<li>Yolda kablo d\u00f6\u015feme<\/li>\n<li>Trafik kontrol\u00f6rleri<\/li>\n<li>Sokak yap\u0131c\u0131lar<\/li>\n<li>\u0130n\u015faat destek personeli<\/li>\n<\/ul>\n<\/div> <\/div><\/div>[\/vc_column][\/vc_row][vc_row row_content_position=&#8221;middle&#8221; row_equal_height=&#8221;yes&#8221; css=&#8221;.vc_custom_1687374087765{margin-top: 30px !important;padding-bottom: 30px !important;}&#8221; el_id=&#8221;park-ve-bahce&#8221;][vc_column width=&#8221;2\/5&#8243; offset=&#8221;vc_hidden-sm vc_hidden-xs&#8221;]<div class=\"bauer-icon-box clearfix icon-top align-left  simple\" style=\"\" ><div class=\"wrap-inner\" style=\"position: relative;\"> <h3 class=\"heading \" style=\"\">\r\n\t\t\t<span>Park ve Bah\u00e7e<\/span>\r\n\t\t<\/h3><div class=\"desc\" style=\"\"><ul>\n<li>Park ve bah\u00e7elerin bak\u0131m, onar\u0131m ve temizli\u011fi<\/li>\n<\/ul>\n<\/div> <\/div><\/div>[\/vc_column][vc_column width=&#8221;1\/12&#8243; offset=&#8221;vc_hidden-sm vc_hidden-xs&#8221;][\/vc_column][vc_column width=&#8221;1\/2&#8243; offset=&#8221;vc_hidden-sm vc_hidden-xs&#8221;][vc_single_image image=&#8221;9330&#8243;][\/vc_column][\/vc_row][vc_row row_content_position=&#8221;middle&#8221; row_equal_height=&#8221;yes&#8221; css=&#8221;.vc_custom_1675461674056{margin-top: 30px !important;padding-bottom: 30px !important;}&#8221; el_id=&#8221;park-en-tuin&#8221;][vc_column width=&#8221;1\/2&#8243; offset=&#8221;vc_hidden-lg vc_hidden-md&#8221;][vc_single_image image=&#8221;9330&#8243;][\/vc_column][vc_column width=&#8221;1\/12&#8243; offset=&#8221;vc_hidden-lg vc_hidden-md&#8221;][\/vc_column][vc_column width=&#8221;2\/5&#8243; offset=&#8221;vc_hidden-lg vc_hidden-md&#8221;]<div class=\"bauer-icon-box clearfix icon-top align-left  simple\" style=\"\" ><div class=\"wrap-inner\" style=\"position: relative;\"> <h3 class=\"heading \" style=\"\">\r\n\t\t\t<span>Park ve Bah\u00e7e<\/span>\r\n\t\t<\/h3><div class=\"desc\" style=\"\"><ul>\n<li>Park ve bah\u00e7elerin bak\u0131m, onar\u0131m ve temizli\u011fi<\/li>\n<\/ul>\n<\/div> <\/div><\/div>[\/vc_column][\/vc_row][vc_row row_content_position=&#8221;middle&#8221; row_equal_height=&#8221;yes&#8221; css=&#8221;.vc_custom_1687374094100{margin-top: 30px !important;padding-bottom: 30px !important;}&#8221; el_id=&#8221;otel&#8221;][vc_column width=&#8221;1\/2&#8243;][vc_single_image image=&#8221;9329&#8243;][\/vc_column][vc_column width=&#8221;1\/12&#8243;][\/vc_column][vc_column width=&#8221;2\/5&#8243;]<div class=\"bauer-icon-box clearfix icon-top align-left  simple\" style=\"\" ><div class=\"wrap-inner\" style=\"position: relative;\"> <h3 class=\"heading \" style=\"\">\r\n\t\t\t<span>Otel<\/span>\r\n\t\t<\/h3><div class=\"desc\" style=\"\"><ul>\n<li>Temizlik<\/li>\n<li>Onar\u0131m i\u015fi<\/li>\n<li>M\u00fcd\u00fcr<\/li>\n<li>\u00c7ok y\u00f6nl\u00fc kap\u0131c\u0131<\/li>\n<\/ul>\n<\/div> <\/div><\/div>[\/vc_column][\/vc_row][vc_row row_content_position=&#8221;middle&#8221; row_equal_height=&#8221;yes&#8221; css=&#8221;.vc_custom_1687374333008{margin-top: 30px !important;padding-bottom: 30px !important;}&#8221; el_id=&#8221;tasinma&#8221;][vc_column width=&#8221;2\/5&#8243; offset=&#8221;vc_hidden-sm vc_hidden-xs&#8221;]<div class=\"bauer-icon-box clearfix icon-top align-left  simple\" style=\"\" ><div class=\"wrap-inner\" style=\"position: relative;\"> <h3 class=\"heading \" style=\"\">\r\n\t\t\t<span>Ta\u015f\u0131nma<\/span>\r\n\t\t<\/h3><div class=\"desc\" style=\"\"><ul>\n<li>Ta\u015f\u0131nma<\/li>\n<li>Montaj i\u015fi (gerekirse)<\/li>\n<\/ul>\n<p>Ta\u015f\u0131nman\u0131z s\u0131ras\u0131nda her \u015feyi biz ayarl\u0131yoruz!<\/p>\n<\/div> <\/div><\/div>[\/vc_column][vc_column width=&#8221;1\/12&#8243; offset=&#8221;vc_hidden-sm vc_hidden-xs&#8221;][\/vc_column][vc_column width=&#8221;1\/2&#8243; offset=&#8221;vc_hidden-sm vc_hidden-xs&#8221;][vc_single_image image=&#8221;9333&#8243;][\/vc_column][\/vc_row][vc_row row_content_position=&#8221;middle&#8221; row_equal_height=&#8221;yes&#8221; css=&#8221;.vc_custom_1675461719400{margin-top: 30px !important;padding-bottom: 30px !important;}&#8221; el_id=&#8221;verhuizing&#8221;][vc_column width=&#8221;1\/2&#8243; offset=&#8221;vc_hidden-lg vc_hidden-md&#8221;][vc_single_image image=&#8221;9333&#8243;][\/vc_column][vc_column width=&#8221;1\/12&#8243; offset=&#8221;vc_hidden-lg vc_hidden-md&#8221;][\/vc_column][vc_column width=&#8221;2\/5&#8243; offset=&#8221;vc_hidden-lg vc_hidden-md&#8221;]<div class=\"bauer-icon-box clearfix icon-top align-left  simple\" style=\"\" ><div class=\"wrap-inner\" style=\"position: relative;\"> <h3 class=\"heading \" style=\"\">\r\n\t\t\t<span>Ta\u015f\u0131nma<\/span>\r\n\t\t<\/h3><div class=\"desc\" style=\"\"><ul>\n<li>\n<ul>\n<li>Ta\u015f\u0131nma<\/li>\n<li>Montaj i\u015fi (gerekirse)<\/li>\n<\/ul>\n<p>Ta\u015f\u0131nman\u0131z s\u0131ras\u0131nda her \u015feyi biz ayarl\u0131yoruz!<\/li>\n<\/ul>\n<\/div> <\/div><\/div>[\/vc_column][\/vc_row][vc_row][vc_column]\r\n\t<div class=\"bauer-spacer clearfix\" data-desktop=\"100\" data-mobi=\"60\" data-smobi=\"60\"><\/div>[\/vc_column][\/vc_row]<\/p>\n<\/section>","protected":false},"excerpt":{"rendered":"<p>[vc_row css=&#8221;.vc_custom_1558595409249{background-image: url(http:\/\/ninzio.com\/bauer\/wp-content\/uploads\/2019\/05\/section-bg1-1.png?id=7977) !important;background-position: center !important;background-repeat: no-repeat !important;background-size: cover !important;}&#8221; el_id=&#8221;first-row&#8221;][vc_column][vc_row_inner disable_element=&#8221;yes&#8221;][vc_column_inner width=&#8221;1\/3&#8243;][\/vc_column_inner][vc_column_inner width=&#8221;1\/3&#8243;][\/vc_column_inner][vc_column_inner width=&#8221;1\/3&#8243;][\/vc_column_inner][\/vc_row_inner][vc_row_inner disable_element=&#8221;yes&#8221;][vc_column_inner width=&#8221;1\/3&#8243;][\/vc_column_inner][vc_column_inner width=&#8221;1\/3&#8243;][\/vc_column_inner][vc_column_inner width=&#8221;1\/3&#8243;][\/vc_column_inner][\/vc_row_inner][\/vc_column][\/vc_row][vc_row row_content_position=&#8221;middle&#8221; row_equal_height=&#8221;yes&#8221; css=&#8221;.vc_custom_1687374068291{margin-top: 30px !important;padding-bottom: 30px !important;}&#8221; el_id=&#8221;temizlik&#8221;][vc_column width=&#8221;1\/2&#8243;][vc_single_image image=&#8221;9331&#8243;][\/vc_column][vc_column width=&#8221;1\/12&#8243;][\/vc_column][vc_column width=&#8221;5\/12&#8243;][\/vc_column][\/vc_row][vc_row row_content_position=&#8221;middle&#8221; row_equal_height=&#8221;yes&#8221; css=&#8221;.vc_custom_1687374976454{margin-top: 30px !important;padding-bottom: 30px !important;}&#8221; el_id=&#8221;insaat&#8221;][vc_column width=&#8221;2\/5&#8243; offset=&#8221;vc_hidden-sm vc_hidden-xs&#8221;][\/vc_column][vc_column width=&#8221;1\/12&#8243; offset=&#8221;vc_hidden-sm vc_hidden-xs&#8221;][\/vc_column][vc_column width=&#8221;1\/2&#8243; offset=&#8221;vc_hidden-sm vc_hidden-xs&#8221;][vc_single_image image=&#8221;10457&#8243;][\/vc_column][\/vc_row][vc_row row_content_position=&#8221;middle&#8221;<\/p>\n","protected":false},"author":2,"featured_media":0,"parent":0,"menu_order":0,"comment_status":"closed","ping_status":"closed","template":"","meta":{"footnotes":""},"class_list":["post-9649","page","type-page","status-publish","hentry"],"lang":"tr","translations":{"tr":9649,"en":9647,"nl":1326},"pll_sync_post":[],"_links":{"self":[{"href":"https:\/\/www.msbouwenschoonmaak.nl\/index.php?rest_route=\/wp\/v2\/pages\/9649","targetHints":{"allow":["GET"]}}],"collection":[{"href":"https:\/\/www.msbouwenschoonmaak.nl\/index.php?rest_route=\/wp\/v2\/pages"}],"about":[{"href":"https:\/\/www.msbouwenschoonmaak.nl\/index.php?rest_route=\/wp\/v2\/types\/page"}],"author":[{"embeddable":true,"href":"https:\/\/www.msbouwenschoonmaak.nl\/index.php?rest_route=\/wp\/v2\/users\/2"}],"replies":[{"embeddable":true,"href":"https:\/\/www.msbouwenschoonmaak.nl\/index.php?rest_route=%2Fwp%2Fv2%2Fcomments&post=9649"}],"version-history":[{"count":15,"href":"https:\/\/www.msbouwenschoonmaak.nl\/index.php?rest_route=\/wp\/v2\/pages\/9649\/revisions"}],"predecessor-version":[{"id":10459,"href":"https:\/\/www.msbouwenschoonmaak.nl\/index.php?rest_route=\/wp\/v2\/pages\/9649\/revisions\/10459"}],"wp:attachment":[{"href":"https:\/\/www.msbouwenschoonmaak.nl\/index.php?rest_route=%2Fwp%2Fv2%2Fmedia&parent=9649"}],"curies":[{"name":"wp","href":"https:\/\/api.w.org\/{rel}","templated":true}]}}