{"id":9660,"date":"2023-06-20T20:47:19","date_gmt":"2023-06-20T18:47:19","guid":{"rendered":"https:\/\/www.msbouwenschoonmaak.nl\/?page_id=9660"},"modified":"2023-06-21T19:59:31","modified_gmt":"2023-06-21T17:59:31","slug":"is-ilanlari","status":"publish","type":"page","link":"https:\/\/www.msbouwenschoonmaak.nl\/?page_id=9660&lang=tr","title":{"rendered":"\u0130\u015f \u0130lanlar\u0131"},"content":{"rendered":"<section class=\"wpb-content-wrapper\"><p>[vc_row row_content_position=&#8221;middle&#8221; row_equal_height=&#8221;yes&#8221; css=&#8221;.vc_custom_1673875948998{background-image: url(http:\/\/msbouwenschoonmaak.nl\/wp-content\/uploads\/2019\/05\/main-bg-1.png?id=8860) !important;background-position: center !important;background-repeat: no-repeat !important;background-size: cover !important;}&#8221; el_id=&#8221;first-row&#8221;][vc_column]\r\n\t<div class=\"bauer-spacer clearfix\" data-desktop=\"30\" data-mobi=\"15\" data-smobi=\"15\"><\/div>[vc_row_inner][vc_column_inner width=&#8221;1\/2&#8243;]<div class=\"bauer-single-heading clearfix \" style=\"margin-bottom:25px;\"><span class=\"inner\"><span class=\"heading clearfix \" style=\"font-weight:600;color:#cacaca;font-size:16px;\">\r\n\t\t\u0130\u015f \u0130lanlar\u0131\r\n\t<\/span><\/span><\/div><div class=\"bauer-text clearfix \" style=\"\"><h4><span>M.S. Bouw &amp; Schoonmaak m\u00fckemmel hizmeti ve y\u00fcksek kaliteli sonu\u00e7lar\u0131yla tan\u0131nan lider bir in\u015faat ve temizlik \u015firketidir.<\/span><\/h4>\n<\/div><div class=\"bauer-text clearfix \" style=\"\"><p>Biz<span>\u00a0\u00dcstlendi\u011fimiz her projede profesyonel m\u00fckemmellik i\u00e7in \u00e7al\u0131\u015f\u0131yoruz. B\u00fcy\u00fcyen bir \u015firket olarak, s\u00fcrekli olarak ekibimize kat\u0131lmak i\u00e7in motive olmu\u015f ve yetenekli bireyler ar\u0131yoruz. Ba\u015far\u0131 hikayemizin bir par\u00e7as\u0131 olmaya haz\u0131r m\u0131s\u0131n\u0131z? (A\u00e7\u0131k) a\u00e7\u0131k pozisyonlar\u0131m\u0131z\u0131 g\u00f6r\u00fcnt\u00fcleyin.<\/span><\/p>\n<\/div>[\/vc_column_inner][vc_column_inner width=&#8221;1\/2&#8243;]\r\n\t<div class=\"bauer-spacer clearfix\" data-desktop=\"0\" data-mobi=\"0\" data-smobi=\"0\"><\/div><div class=\"bauer-text clearfix \" style=\"\"><ul>\n<li><strong>\u0130n\u015faat i\u015f\u00e7ileri:<\/strong> \u0130n\u015faat i\u015f\u00e7isi olarak M.S. \u0130n\u015faat ve Temizlik Duvar \u00f6rme, marangozluk, boyama ve genel bak\u0131m i\u015fleri gibi \u00e7e\u015fitli in\u015faat i\u015flerini yapmaktan siz sorumlusunuz. G\u00fc\u00e7l\u00fc bir i\u015f ahlak\u0131na, teknik becerilere ve ekip i\u00e7inde \u00e7al\u0131\u015fmaya istekli adaylar ar\u0131yoruz.<\/li>\n<li><strong>Temizleyiciler:<\/strong> Bir temizlik\u00e7i olarak, \u00e7e\u015fitli \u015fantiyelerin ve ofislerin temizli\u011finden ve bak\u0131m\u0131ndan sorumlusunuz. \u0130\u015f yerlerinin temiz, d\u00fczenli ve g\u00fcvenli olmas\u0131n\u0131 sa\u011flayacaks\u0131n\u0131z. Detaylara dikkat eden ve ba\u011f\u0131ms\u0131z \u00e7al\u0131\u015fabilen hevesli bireyler ar\u0131yoruz.<\/li>\n<\/ul>\n<\/div>[\/vc_column_inner][\/vc_row_inner]\r\n\t<div class=\"bauer-spacer clearfix\" data-desktop=\"100\" data-mobi=\"60\" data-smobi=\"60\"><\/div>[\/vc_column][\/vc_row][vc_row css=&#8221;.vc_custom_1558754436718{background-image: url(http:\/\/msbouwenschoonmaak.nl\/wp-content\/uploads\/2019\/05\/main-bg-2.png?id=8865) !important;background-position: center !important;background-repeat: no-repeat !important;background-size: cover !important;}&#8221;][vc_column]<div class=\"bauer-content-box clearfix \" data-padding=\"22px 100px 26px 100px\" data-mobipadding=\"22px 50px 26px 50px\" data-margin=\"-30px 0px 0px 0px\" data-mobimargin=\"-30px 0px 0px 0px\" >\r\n\t\t<div class=\"inner ctb-1736130120\" style=\"background-size:cover;\"  data-background=\"#ffc600\" data-rounded=\"7px\">\r\n\t\t\t<div class=\"bauer-action-box \" style=\"\">\r\n\t\t<div class=\"inner\">\r\n\t\t<div class=\"heading-wrap \">\r\n\t\t\t<div class=\"text-wrap\" style=\"\">\r\n\t\t\t\t<h3 class=\"heading\" style=\"font-weight:500;color:#ffffff;font-size:28px;line-height:41px;\">\r\n\t\t\t\t\tKendinizi geli\u015ftirebilece\u011finiz bir i\u015f mi ar\u0131yorsunuz? (A\u00e7\u0131k) pozisyonlar\u0131m\u0131zdan biri i\u00e7in a\u015fa\u011f\u0131dan ba\u015fvurun!\r\n\t\t\t\t<\/h3>\r\n\t\t\t<\/div>\r\n\t\t<\/div><\/div>\r\n\t<\/div>\r\n\t\t<\/div>\r\n\t<\/div><div class=\"bauer-text clearfix \" style=\"\"><div class=\"wpforms-container wpforms-container-full wpforms-render-modern\" id=\"wpforms-9720\"><form id=\"wpforms-form-9720\" class=\"wpforms-validate wpforms-form wpforms-ajax-form\" data-formid=\"9720\" method=\"post\" enctype=\"multipart\/form-data\" action=\"\/index.php?rest_route=%2Fwp%2Fv2%2Fpages%2F9660&#038;wpforms_form_id=9720\" data-token=\"9bc4961abce120cec9ffaeab9978f322\"><noscript class=\"wpforms-error-noscript\">Please enable JavaScript in your browser to complete this form.<\/noscript><div class=\"wpforms-hidden\" id=\"wpforms-error-noscript\">Please enable JavaScript in your browser to complete this form.<\/div><div class=\"wpforms-field-container\"><div id=\"wpforms-9720-field_0-container\" class=\"wpforms-field wpforms-field-name\" data-field-id=\"0\"><fieldset><legend class=\"wpforms-field-label\">\u0130sim <span class=\"wpforms-required-label\" aria-hidden=\"true\">*<\/span><\/legend><div class=\"wpforms-field-row wpforms-field-large\"><div class=\"wpforms-field-row-block wpforms-first wpforms-one-half\"><input type=\"text\" id=\"wpforms-9720-field_0\" class=\"wpforms-field-name-first wpforms-field-required\" name=\"wpforms[fields][0][first]\" placeholder=\"\u0130sim\" aria-errormessage=\"wpforms-9720-field_0-error\" required><label for=\"wpforms-9720-field_0\" class=\"wpforms-field-sublabel after wpforms-sublabel-hide\">First<\/label><\/div><div class=\"wpforms-field-row-block wpforms-one-half\"><input type=\"text\" id=\"wpforms-9720-field_0-last\" class=\"wpforms-field-name-last wpforms-field-required\" name=\"wpforms[fields][0][last]\" placeholder=\"Soy isim\" aria-errormessage=\"wpforms-9720-field_0-last-error\" required><label for=\"wpforms-9720-field_0-last\" class=\"wpforms-field-sublabel after wpforms-sublabel-hide\">Last<\/label><\/div><\/div><\/fieldset><\/div><div id=\"wpforms-9720-field_4-container\" class=\"wpforms-field wpforms-field-layout\" data-field-id=\"4\"><label class=\"wpforms-field-label wpforms-label-hide\" for=\"wpforms-9720-field_4\" aria-hidden=\"false\">Layout<\/label><div class=\"wpforms-field-layout-columns wpforms-field-layout-preset-50-50\"><div class=\"wpforms-layout-column wpforms-layout-column-50\"><div id=\"wpforms-9720-field_1-container\" class=\"wpforms-field wpforms-field-email\" data-field-id=\"1\"><label class=\"wpforms-field-label\" for=\"wpforms-9720-field_1\">E-mail <span class=\"wpforms-required-label\" aria-hidden=\"true\">*<\/span><\/label><input type=\"email\" id=\"wpforms-9720-field_1\" class=\"wpforms-field-medium wpforms-field-required\" name=\"wpforms[fields][1]\" spellcheck=\"false\" aria-errormessage=\"wpforms-9720-field_1-error\" required><\/div><div id=\"wpforms-9720-field_5-container\" class=\"wpforms-field wpforms-field-text\" data-field-id=\"5\"><label class=\"wpforms-field-label\" for=\"wpforms-9720-field_5\">Ya\u015f <span class=\"wpforms-required-label\" aria-hidden=\"true\">*<\/span><\/label><input type=\"text\" id=\"wpforms-9720-field_5\" class=\"wpforms-field-medium wpforms-field-required\" name=\"wpforms[fields][5]\" aria-errormessage=\"wpforms-9720-field_5-error\" required><\/div><\/div><div class=\"wpforms-layout-column wpforms-layout-column-50\"><div id=\"wpforms-9720-field_3-container\" class=\"wpforms-field wpforms-field-phone\" data-field-id=\"3\"><label class=\"wpforms-field-label\" for=\"wpforms-9720-field_3\">Telefon <span class=\"wpforms-required-label\" aria-hidden=\"true\">*<\/span><\/label><input type=\"tel\" id=\"wpforms-9720-field_3\" class=\"wpforms-field-medium wpforms-field-required wpforms-smart-phone-field\" data-rule-smart-phone-field=\"true\" name=\"wpforms[fields][3]\" aria-errormessage=\"wpforms-9720-field_3-error\" required><\/div><div id=\"wpforms-9720-field_6-container\" class=\"wpforms-field wpforms-field-file-upload\" data-field-id=\"6\"><label class=\"wpforms-field-label\" for=\"wpforms-9720-field_6\">CV<\/label><div\n\t\tclass=\"wpforms-uploader\"\n\t\tdata-field-id=\"6\"\n\t\tdata-form-id=\"9720\"\n\t\tdata-input-name=\"wpforms_9720_6\"\n\t\tdata-extensions=\"doc,ppt,pdf\"\n\t\tdata-max-size=\"2147483648\"\n\t\tdata-max-file-number=\"1\"\n\t\tdata-post-max-size=\"134217728\"\n\t\tdata-max-parallel-uploads=\"4\"\n\t\tdata-parallel-uploads=\"true\"\n\t\tdata-file-chunk-size=\"2097152\">\n\t<div class=\"dz-message\">\n\t\t<svg viewBox=\"0 0 1024 1024\" focusable=\"false\" data-icon=\"inbox\" width=\"50px\" height=\"50px\" fill=\"currentColor\" aria-hidden=\"true\">\n\t\t\t<path d=\"M885.2 446.3l-.2-.8-112.2-285.1c-5-16.1-19.9-27.2-36.8-27.2H281.2c-17 0-32.1 11.3-36.9 27.6L139.4 443l-.3.7-.2.8c-1.3 4.9-1.7 9.9-1 14.8-.1 1.6-.2 3.2-.2 4.8V830a60.9 60.9 0 0 0 60.8 60.8h627.2c33.5 0 60.8-27.3 60.9-60.8V464.1c0-1.3 0-2.6-.1-3.7.4-4.9 0-9.6-1.3-14.1zm-295.8-43l-.3 15.7c-.8 44.9-31.8 75.1-77.1 75.1-22.1 0-41.1-7.1-54.8-20.6S436 441.2 435.6 419l-.3-15.7H229.5L309 210h399.2l81.7 193.3H589.4zm-375 76.8h157.3c24.3 57.1 76 90.8 140.4 90.8 33.7 0 65-9.4 90.3-27.2 22.2-15.6 39.5-37.4 50.7-63.6h156.5V814H214.4V480.1z\"><\/path>\n\t\t<\/svg>\n\t\t<span class=\"modern-title\">Click or drag a file to this area to upload.<\/span>\n\n\t\t\t<\/div>\n<\/div>\n<input\n\t\ttype=\"text\"\n\t\tautocomplete=\"off\"\n\t\tclass=\"dropzone-input\"\n\t\tstyle=\"position:absolute!important;clip:rect(0,0,0,0)!important;height:1px!important;width:1px!important;border:0!important;overflow:hidden!important;padding:0!important;margin:0!important;\"\n\t\tid=\"wpforms-9720-field_6\"\n\t\tname=\"wpforms_9720_6\" \t\tvalue=\"\">\n<\/div><\/div><\/div><\/div><div id=\"wpforms-9720-field_2-container\" class=\"wpforms-field wpforms-field-textarea\" data-field-id=\"2\"><label class=\"wpforms-field-label\" for=\"wpforms-9720-field_2\">Motivasyon<\/label><textarea id=\"wpforms-9720-field_2\" class=\"wpforms-field-medium\" name=\"wpforms[fields][2]\" aria-errormessage=\"wpforms-9720-field_2-error\" ><\/textarea><\/div><div id=\"wpforms-9720-field_8-container\" class=\"wpforms-field wpforms-field-payment-checkbox\" data-field-id=\"8\"><fieldset><legend class=\"wpforms-field-label\">Ba\u015fvurunuzu i\u015flemek i\u00e7in ki\u015fisel verilerinizi i\u015fleyebilmemiz i\u00e7in Gizlilik Politikam\u0131z\u0131 kabul etmelisiniz. <span class=\"wpforms-required-label\" aria-hidden=\"true\">*<\/span><\/legend><ul id=\"wpforms-9720-field_8\" class=\"wpforms-field-required\"><li class=\"choice-1\"><input type=\"checkbox\" id=\"wpforms-9720-field_8_1\" class=\"wpforms-payment-price\" data-amount=\"0.00\" name=\"wpforms[fields][8][]\" value=\"1\" aria-errormessage=\"wpforms-9720-field_8_1-error\" required ><label class=\"wpforms-field-label-inline\" for=\"wpforms-9720-field_8_1\">Gizlilik politikas\u0131n\u0131 kabul ediyor ve ki\u015fisel verilerimin hukuka uygun olarak kullan\u0131labilece\u011fini onayl\u0131yorum.<\/label><\/li><\/ul><\/fieldset><\/div><\/div><!-- .wpforms-field-container --><input type=\"hidden\" name=\"wpforms[recaptcha]\" value=\"\"><div class=\"wpforms-submit-container\" ><input type=\"hidden\" name=\"wpforms[id]\" value=\"9720\"><input type=\"hidden\" name=\"wpforms[author]\" value=\"0\"><button type=\"submit\" name=\"wpforms[submit]\" id=\"wpforms-submit-9720\" class=\"wpforms-submit\" data-alt-text=\"Verzenden...\" data-submit-text=\"G\u00f6nder\" aria-live=\"assertive\" value=\"wpforms-submit\">G\u00f6nder<\/button><img loading=\"lazy\" decoding=\"async\" src=\"https:\/\/www.msbouwenschoonmaak.nl\/wp-content\/plugins\/wpforms\/assets\/images\/submit-spin.svg\" class=\"wpforms-submit-spinner\" style=\"display: none;\" width=\"26\" height=\"26\" alt=\"Loading\"><\/div><\/form><\/div>  <!-- .wpforms-container -->\n<\/div>\r\n\t<div class=\"bauer-spacer clearfix\" data-desktop=\"94\" data-mobi=\"60\" data-smobi=\"60\"><\/div>[\/vc_column][\/vc_row]<\/p>\n<\/section>","protected":false},"excerpt":{"rendered":"<p>[vc_row row_content_position=&#8221;middle&#8221; row_equal_height=&#8221;yes&#8221; css=&#8221;.vc_custom_1673875948998{background-image: url(http:\/\/msbouwenschoonmaak.nl\/wp-content\/uploads\/2019\/05\/main-bg-1.png?id=8860) !important;background-position: center !important;background-repeat: no-repeat !important;background-size: cover !important;}&#8221; el_id=&#8221;first-row&#8221;][vc_column][vc_row_inner][vc_column_inner width=&#8221;1\/2&#8243;][\/vc_column_inner][vc_column_inner width=&#8221;1\/2&#8243;][\/vc_column_inner][\/vc_row_inner][\/vc_column][\/vc_row][vc_row css=&#8221;.vc_custom_1558754436718{background-image: url(http:\/\/msbouwenschoonmaak.nl\/wp-content\/uploads\/2019\/05\/main-bg-2.png?id=8865) !important;background-position: center !important;background-repeat: no-repeat !important;background-size: cover !important;}&#8221;][vc_column][\/vc_column][\/vc_row]<\/p>\n","protected":false},"author":3,"featured_media":0,"parent":0,"menu_order":0,"comment_status":"closed","ping_status":"closed","template":"","meta":{"footnotes":""},"class_list":["post-9660","page","type-page","status-publish","hentry"],"lang":"tr","translations":{"tr":9660,"en":9658,"nl":9634},"pll_sync_post":[],"_links":{"self":[{"href":"https:\/\/www.msbouwenschoonmaak.nl\/index.php?rest_route=\/wp\/v2\/pages\/9660","targetHints":{"allow":["GET"]}}],"collection":[{"href":"https:\/\/www.msbouwenschoonmaak.nl\/index.php?rest_route=\/wp\/v2\/pages"}],"about":[{"href":"https:\/\/www.msbouwenschoonmaak.nl\/index.php?rest_route=\/wp\/v2\/types\/page"}],"author":[{"embeddable":true,"href":"https:\/\/www.msbouwenschoonmaak.nl\/index.php?rest_route=\/wp\/v2\/users\/3"}],"replies":[{"embeddable":true,"href":"https:\/\/www.msbouwenschoonmaak.nl\/index.php?rest_route=%2Fwp%2Fv2%2Fcomments&post=9660"}],"version-history":[{"count":8,"href":"https:\/\/www.msbouwenschoonmaak.nl\/index.php?rest_route=\/wp\/v2\/pages\/9660\/revisions"}],"predecessor-version":[{"id":9797,"href":"https:\/\/www.msbouwenschoonmaak.nl\/index.php?rest_route=\/wp\/v2\/pages\/9660\/revisions\/9797"}],"wp:attachment":[{"href":"https:\/\/www.msbouwenschoonmaak.nl\/index.php?rest_route=%2Fwp%2Fv2%2Fmedia&parent=9660"}],"curies":[{"name":"wp","href":"https:\/\/api.w.org\/{rel}","templated":true}]}}